{"id":11,"date":"2016-02-10T08:59:44","date_gmt":"2016-02-10T08:59:44","guid":{"rendered":"http:\/\/bridge3.qodeinteractive.com\/?page_id=5"},"modified":"2020-03-04T19:58:23","modified_gmt":"2020-03-04T19:58:23","slug":"home","status":"publish","type":"page","link":"https:\/\/www.edusa.com.br\/","title":{"rendered":"Home"},"content":{"rendered":"<p>[vc_row css_animation=&#8221;&#8221; row_type=&#8221;row&#8221; use_row_as_full_screen_section=&#8221;no&#8221; type=&#8221;grid&#8221; anchor=&#8221;edusa&#8221; angled_section=&#8221;no&#8221; text_align=&#8221;left&#8221; background_image_as_pattern=&#8221;without_pattern&#8221; css=&#8221;.vc_custom_1524165848369{padding-top: 148px !important;padding-bottom: 94px !important;}&#8221;][vc_column width=&#8221;1\/3&#8243; offset=&#8221;vc_col-lg-4 vc_col-md-4&#8243;]<div class='q_icon_with_title tiny normal_icon'><div class=\"icon_holder \" style=\" \"><span data-icon-type=\"normal\"  data-icon-hover-color=\"#ffcc00\" style=\"font-size: 60px;\" class=\"qode_iwt_icon_holder q_font_awsome_icon fa-lg \"><i class=\"qodef-icon-linea-icon icon-basic-home qode_iwt_icon_element\" style=\"color: #acacac;\" ><\/i><\/span><\/div><div class=\"icon_text_holder\" style=\"padding-left:92px;\"><div class=\"icon_text_inner\" style=\"\"><h3 class=\"icon_title\" style=\"font-weight: 700;\">HIST\u00d3RIA<\/h3>[vc_separator type=\"small\" position=\"left\" color=\"\" thickness=\"2\" width=\"20\" up=\"7\" down=\"21\"]<p style=''>Fundada em 1973, a EDUSA \u00e9 considerada uma das mais importantes empresas do setor no estado. Seu trabalho \u00e9 norteado pela \u00e9tica, conhecimento e pela certeza de estar fazendo algo ainda maior do que construir: entregar sonhos.<br \/>\nA pontualidade, a credibilidade, a solidez e o relacionamento transparente com os clientes marcam sua trajet\u00f3ria. <\/p><\/div><\/div><\/div>[vc_separator type=&#8221;transparent&#8221; thickness=&#8221;0&#8243; up=&#8221;27&#8243; down=&#8221;0&#8243;][\/vc_column][vc_column width=&#8221;1\/3&#8243; offset=&#8221;vc_col-lg-4 vc_col-md-4&#8243;]<div class='q_icon_with_title tiny normal_icon'><div class=\"icon_holder \" style=\" \"><span data-icon-type=\"normal\"  data-icon-hover-color=\"#ffcc00\" style=\"font-size: 60px;\" class=\"qode_iwt_icon_holder q_font_awsome_icon fa-lg \"><i class=\"qodef-icon-linea-icon icon-basic-pencil-ruler qode_iwt_icon_element\" style=\"color: #acacac;\" ><\/i><\/span><\/div><div class=\"icon_text_holder\" style=\"padding-left:92px;\"><div class=\"icon_text_inner\" style=\"\"><h3 class=\"icon_title\" style=\"font-weight: 700;\">SUSTENTABILIDADE<\/h3>[vc_separator type=\"small\" position=\"left\" color=\"\" thickness=\"2\" width=\"20\" up=\"7\" down=\"21\"]<p style=''>Ao usufruir de um empreendimento EDUSA, voc\u00ea estar\u00e1 evitando consumir em excesso e economizando com a redu\u00e7\u00e3o de custo condominial.<br \/>\nO aproveitamento da \u00e1gua da chuva nas descargas dos banheiros, a utiliza\u00e7\u00e3o de pain\u00e9is solares para a ilumina\u00e7\u00e3o do condom\u00ednio e a individualiza\u00e7\u00e3o dos medidores de \u00e1gua, luz e g\u00e1s, s\u00e3o exemplos.<\/p><\/div><\/div><\/div>[vc_separator type=&#8221;transparent&#8221; thickness=&#8221;0&#8243; up=&#8221;27&#8243; down=&#8221;0&#8243;][\/vc_column][vc_column width=&#8221;1\/3&#8243; offset=&#8221;vc_col-lg-4 vc_col-md-4&#8243;]<div class='q_icon_with_title tiny normal_icon'><div class=\"icon_holder \" style=\" \"><span data-icon-type=\"normal\"  data-icon-hover-color=\"#ffcc00\" style=\"font-size: 60px;\" class=\"qode_iwt_icon_holder q_font_awsome_icon fa-lg \"><i class=\"qodef-icon-linea-icon icon-basic-heart qode_iwt_icon_element\" style=\"color: #acacac;\" ><\/i><\/span><\/div><div class=\"icon_text_holder\" style=\"padding-left:92px;\"><div class=\"icon_text_inner\" style=\"\"><h3 class=\"icon_title\" style=\"font-weight: 700;\">RESPONSABILIDADE SOCIAL<\/h3>[vc_separator type=\"small\" position=\"left\" color=\"\" thickness=\"2\" width=\"20\" up=\"7\" down=\"21\"]<p style=''>A miss\u00e3o da EDUSA \u00e9 desenvolver ou apoiar a\u00e7\u00f5es que contribuam para a melhoria da sociedade em geral.<br \/>\nAtrav\u00e9s da ACTION RUN e em parceria com a CICLO, a empresa \u00e9 colaboradora do MIM movimento por uma inf\u00e2ncia melhor, que atende mais de 100 crian\u00e7as no bairro Bom Jesus.<\/p><\/div><\/div><\/div>[vc_separator type=&#8221;transparent&#8221; thickness=&#8221;0&#8243; up=&#8221;27&#8243; down=&#8221;0&#8243;][\/vc_column][\/vc_row][vc_row css_animation=&#8221;&#8221; row_type=&#8221;row&#8221; use_row_as_full_screen_section=&#8221;no&#8221; type=&#8221;grid&#8221; angled_section=&#8221;no&#8221; text_align=&#8221;center&#8221; background_image_as_pattern=&#8221;without_pattern&#8221; background_color=&#8221;#f7f7f7&#8243; css=&#8221;.vc_custom_1456138762113{padding-top: 126px !important;padding-bottom: 86px !important;}&#8221;][vc_column width=&#8221;1\/2&#8243; offset=&#8221;vc_col-lg-6 vc_col-md-6&#8243;][vc_column_text]<\/p>\n<h2><strong>Im\u00f3veis onde voc\u00ea tem mais qualidade de vida.<\/strong><\/h2>\n<h1><strong>\u00a0<\/strong><\/h1>\n<p>[\/vc_column_text][vc_column_text]<\/p>\n<h4>Projetados para pessoas que buscam capacidade construtiva, arquitetura diferenciada, design inovador e excel\u00eancia de acabamento, as obras da EDUSA oferecem valores fundamentais como comprometimento ambiental e responsabilidade social, al\u00e9m de proporcionarem experi\u00eancias \u00fanicas e duradouras aos clientes.<\/h4>\n<p>[\/vc_column_text][\/vc_column][vc_column width=&#8221;1\/2&#8243;][vc_single_image image=&#8221;317&#8243; img_size=&#8221;350x350px&#8221; alignment=&#8221;center&#8221; qode_css_animation=&#8221;&#8221;][\/vc_column][\/vc_row][vc_row css_animation=&#8221;&#8221; row_type=&#8221;row&#8221; use_row_as_full_screen_section=&#8221;no&#8221; type=&#8221;full_width&#8221; anchor=&#8221;obras&#8221; angled_section=&#8221;no&#8221; text_align=&#8221;left&#8221; background_image_as_pattern=&#8221;without_pattern&#8221;][vc_column]<div class=\"projects_masonry_wrapper \"><div class='filter_outer'><div class='filter_holder'>\n                        <ul>\n                        <li class='filter' data-filter='*'><span>All<\/span><\/li><li class='filter' data-filter='.portfolio_category_55'><span>Im\u00f3veis \u00e0 venda<\/span><\/li><li class='filter' data-filter='.portfolio_category_54'><span>Lan\u00e7amentos<\/span><\/li><li class='filter' data-filter='.portfolio_category_56'><span>Obras realizadas<\/span><\/li><\/ul><\/div><\/div><div class=\"projects_masonry_holder portfolio_main_holder portfolio_masonry_gallery_with_space portfolio_one_by_one gs4\"><div class=\"qode-portfolio-masonry-gallery-grid-sizer\"><\/div><div class=\"qode-portfolio-masonry-gallery-grid-gutter\"><\/div><article class='portfolio_masonry_item portfolio_category_55 portfolio_category_54  default'><div class='image_holder'><a itemprop='url' class='portfolio_link_for_touch' href='http:\/\/www.plazamoreno.com.br' target='_blank'><span class='image'><img width=\"500\" height=\"500\" src=\"https:\/\/www.edusa.com.br\/wp-content\/uploads\/Fachada-dia-Preview03-500x500.jpg\" class=\"attachment-portfolio_masonry_regular size-portfolio_masonry_regular wp-post-image\" alt=\"\" loading=\"lazy\" srcset=\"https:\/\/www.edusa.com.br\/wp-content\/uploads\/Fachada-dia-Preview03-500x500.jpg 500w, https:\/\/www.edusa.com.br\/wp-content\/uploads\/Fachada-dia-Preview03-150x150.jpg 150w, https:\/\/www.edusa.com.br\/wp-content\/uploads\/Fachada-dia-Preview03-570x570.jpg 570w, https:\/\/www.edusa.com.br\/wp-content\/uploads\/Fachada-dia-Preview03-1000x1000.jpg 1000w\" sizes=\"(max-width: 500px) 100vw, 500px\" \/><\/span><\/a><span class='text_holder'><span class='text_outer'><span class='text_inner'><div class=\"hover_feature_holder_title\"><div class=\"hover_feature_holder_title_inner\"><h5 itemprop=\"name\" class=\"portfolio_title entry_title\"><a itemprop=\"url\" href=\"http:\/\/www.plazamoreno.com.br\"  target=\"_blank\">Plaza Moreno<\/a><\/h5><\/div><\/div><span class='feature_holder'><span class=\"feature_holder_icons\"><a itemprop='image' class='lightbox qbutton small white' title='Plaza Moreno' href='https:\/\/www.edusa.com.br\/wp-content\/uploads\/Fachada-dia-Preview03.jpg' data-rel='prettyPhoto[pretty_photo_gallery]'>zoom<\/a><span class='portfolio_like qbutton small white'><a  href=\"#\" class=\"qode-like\" id=\"qode-like-320\" title=\"Like this\">204<span>  Likes<\/span><\/a><\/span><\/span><\/span><\/span><\/span><\/span><\/div><\/article><article class='portfolio_masonry_item portfolio_category_55 portfolio_category_54  default'><div class='image_holder'><a itemprop='url' class='portfolio_link_for_touch' href='https:\/\/www.edusa.com.br\/index.php\/portfolio_page\/tramonto\/' target='_self'><span class='image'><img width=\"500\" height=\"500\" src=\"https:\/\/www.edusa.com.br\/wp-content\/uploads\/tramonto-500x500.jpg\" class=\"attachment-portfolio_masonry_regular size-portfolio_masonry_regular wp-post-image\" alt=\"\" loading=\"lazy\" srcset=\"https:\/\/www.edusa.com.br\/wp-content\/uploads\/tramonto-500x500.jpg 500w, https:\/\/www.edusa.com.br\/wp-content\/uploads\/tramonto-150x150.jpg 150w, https:\/\/www.edusa.com.br\/wp-content\/uploads\/tramonto-570x570.jpg 570w, https:\/\/www.edusa.com.br\/wp-content\/uploads\/tramonto-1000x1000.jpg 1000w\" sizes=\"(max-width: 500px) 100vw, 500px\" \/><\/span><\/a><span class='text_holder'><span class='text_outer'><span class='text_inner'><div class=\"hover_feature_holder_title\"><div class=\"hover_feature_holder_title_inner\"><h5 itemprop=\"name\" class=\"portfolio_title entry_title\"><a itemprop=\"url\" href=\"https:\/\/www.edusa.com.br\/index.php\/portfolio_page\/tramonto\/\"  target=\"_self\">Tramonto<\/a><\/h5><\/div><\/div><span class='feature_holder'><span class=\"feature_holder_icons\"><a itemprop='image' class='lightbox qbutton small white' title='Tramonto' href='https:\/\/www.edusa.com.br\/wp-content\/uploads\/tramonto.jpg' data-rel='prettyPhoto[pretty_photo_gallery]'>zoom<\/a><span class='portfolio_like qbutton small white'><a  href=\"#\" class=\"qode-like\" id=\"qode-like-322\" title=\"Like this\">180<span>  Likes<\/span><\/a><\/span><\/span><\/span><\/span><\/span><\/span><\/div><\/article><article class='portfolio_masonry_item portfolio_category_54 portfolio_category_56  default'><div class='image_holder'><a itemprop='url' class='portfolio_link_for_touch' href='https:\/\/www.edusa.com.br\/index.php\/portfolio_page\/ventana\/' target='_self'><span class='image'><img width=\"422\" height=\"500\" src=\"https:\/\/www.edusa.com.br\/wp-content\/uploads\/1-20120601095802-e1524163281198-422x500.png\" class=\"attachment-portfolio_masonry_regular size-portfolio_masonry_regular wp-post-image\" alt=\"\" loading=\"lazy\" \/><\/span><\/a><span class='text_holder'><span class='text_outer'><span class='text_inner'><div class=\"hover_feature_holder_title\"><div class=\"hover_feature_holder_title_inner\"><h5 itemprop=\"name\" class=\"portfolio_title entry_title\"><a itemprop=\"url\" href=\"https:\/\/www.edusa.com.br\/index.php\/portfolio_page\/ventana\/\"  target=\"_self\">Ventana<\/a><\/h5><\/div><\/div><span class='feature_holder'><span class=\"feature_holder_icons\"><a itemprop='image' class='lightbox qbutton small white' title='Ventana' href='https:\/\/www.edusa.com.br\/wp-content\/uploads\/1-20120601095802-e1524163281198.png' data-rel='prettyPhoto[pretty_photo_gallery]'>zoom<\/a><span class='portfolio_like qbutton small white'><a  href=\"#\" class=\"qode-like\" id=\"qode-like-332\" title=\"Like this\">62<span>  Likes<\/span><\/a><\/span><\/span><\/span><\/span><\/span><\/span><\/div><\/article><article class='portfolio_masonry_item portfolio_category_56  default'><div class='image_holder'><a itemprop='url' class='portfolio_link_for_touch' href='https:\/\/www.edusa.com.br\/index.php\/portfolio_page\/parque-das-araucarias\/' target='_self'><span class='image'><img width=\"500\" height=\"500\" src=\"https:\/\/www.edusa.com.br\/wp-content\/uploads\/6-20120601111257-e1524163553510-500x500.png\" class=\"attachment-portfolio_masonry_regular size-portfolio_masonry_regular wp-post-image\" alt=\"\" loading=\"lazy\" srcset=\"https:\/\/www.edusa.com.br\/wp-content\/uploads\/6-20120601111257-e1524163553510-500x500.png 500w, https:\/\/www.edusa.com.br\/wp-content\/uploads\/6-20120601111257-e1524163553510-150x150.png 150w\" sizes=\"(max-width: 500px) 100vw, 500px\" \/><\/span><\/a><span class='text_holder'><span class='text_outer'><span class='text_inner'><div class=\"hover_feature_holder_title\"><div class=\"hover_feature_holder_title_inner\"><h5 itemprop=\"name\" class=\"portfolio_title entry_title\"><a itemprop=\"url\" href=\"https:\/\/www.edusa.com.br\/index.php\/portfolio_page\/parque-das-araucarias\/\"  target=\"_self\">Parque das Arauc\u00e1rias<\/a><\/h5><\/div><\/div><span class='feature_holder'><span class=\"feature_holder_icons\"><a itemprop='image' class='lightbox qbutton small white' title='Parque das Arauc\u00e1rias' href='https:\/\/www.edusa.com.br\/wp-content\/uploads\/6-20120601111257-e1524163553510.png' data-rel='prettyPhoto[pretty_photo_gallery]'>zoom<\/a><span class='portfolio_like qbutton small white'><a  href=\"#\" class=\"qode-like\" id=\"qode-like-334\" title=\"Like this\">25<span>  Likes<\/span><\/a><\/span><\/span><\/span><\/span><\/span><\/span><\/div><\/article><article class='portfolio_masonry_item portfolio_category_56  default'><div class='image_holder'><a itemprop='url' class='portfolio_link_for_touch' href='https:\/\/www.edusa.com.br\/index.php\/portfolio_page\/4\/' target='_self'><span class='image'><img width=\"257\" height=\"275\" src=\"https:\/\/www.edusa.com.br\/wp-content\/uploads\/11061512604.png\" class=\"attachment-portfolio_masonry_regular size-portfolio_masonry_regular wp-post-image\" alt=\"\" loading=\"lazy\" \/><\/span><\/a><span class='text_holder'><span class='text_outer'><span class='text_inner'><div class=\"hover_feature_holder_title\"><div class=\"hover_feature_holder_title_inner\"><h5 itemprop=\"name\" class=\"portfolio_title entry_title\"><a itemprop=\"url\" href=\"https:\/\/www.edusa.com.br\/index.php\/portfolio_page\/4\/\"  target=\"_self\">4<\/a><\/h5><\/div><\/div><span class='feature_holder'><span class=\"feature_holder_icons\"><a itemprop='image' class='lightbox qbutton small white' title='4' href='https:\/\/www.edusa.com.br\/wp-content\/uploads\/11061512604.png' data-rel='prettyPhoto[pretty_photo_gallery]'>zoom<\/a><span class='portfolio_like qbutton small white'><a  href=\"#\" class=\"qode-like\" id=\"qode-like-336\" title=\"Like this\">15<span>  Likes<\/span><\/a><\/span><\/span><\/span><\/span><\/span><\/span><\/div><\/article><article class='portfolio_masonry_item portfolio_category_56  default'><div class='image_holder'><a itemprop='url' class='portfolio_link_for_touch' href='https:\/\/www.edusa.com.br\/index.php\/portfolio_page\/5\/' target='_self'><span class='image'><img width=\"367\" height=\"244\" src=\"https:\/\/www.edusa.com.br\/wp-content\/uploads\/13074712702.png\" class=\"attachment-portfolio_masonry_regular size-portfolio_masonry_regular wp-post-image\" alt=\"\" loading=\"lazy\" srcset=\"https:\/\/www.edusa.com.br\/wp-content\/uploads\/13074712702.png 367w, https:\/\/www.edusa.com.br\/wp-content\/uploads\/13074712702-300x199.png 300w\" sizes=\"(max-width: 367px) 100vw, 367px\" \/><\/span><\/a><span class='text_holder'><span class='text_outer'><span class='text_inner'><div class=\"hover_feature_holder_title\"><div class=\"hover_feature_holder_title_inner\"><h5 itemprop=\"name\" class=\"portfolio_title entry_title\"><a itemprop=\"url\" href=\"https:\/\/www.edusa.com.br\/index.php\/portfolio_page\/5\/\"  target=\"_self\">5<\/a><\/h5><\/div><\/div><span class='feature_holder'><span class=\"feature_holder_icons\"><a itemprop='image' class='lightbox qbutton small white' title='5' href='https:\/\/www.edusa.com.br\/wp-content\/uploads\/13074712702.png' data-rel='prettyPhoto[pretty_photo_gallery]'>zoom<\/a><span class='portfolio_like qbutton small white'><a  href=\"#\" class=\"qode-like\" id=\"qode-like-342\" title=\"Like this\">8<span>  Likes<\/span><\/a><\/span><\/span><\/span><\/span><\/span><\/span><\/div><\/article><article class='portfolio_masonry_item portfolio_category_56  default'><div class='image_holder'><a itemprop='url' class='portfolio_link_for_touch' href='https:\/\/www.edusa.com.br\/index.php\/portfolio_page\/6\/' target='_self'><span class='image'><img width=\"367\" height=\"337\" src=\"https:\/\/www.edusa.com.br\/wp-content\/uploads\/12063112603.png\" class=\"attachment-portfolio_masonry_regular size-portfolio_masonry_regular wp-post-image\" alt=\"\" loading=\"lazy\" srcset=\"https:\/\/www.edusa.com.br\/wp-content\/uploads\/12063112603.png 367w, https:\/\/www.edusa.com.br\/wp-content\/uploads\/12063112603-300x275.png 300w\" sizes=\"(max-width: 367px) 100vw, 367px\" \/><\/span><\/a><span class='text_holder'><span class='text_outer'><span class='text_inner'><div class=\"hover_feature_holder_title\"><div class=\"hover_feature_holder_title_inner\"><h5 itemprop=\"name\" class=\"portfolio_title entry_title\"><a itemprop=\"url\" href=\"https:\/\/www.edusa.com.br\/index.php\/portfolio_page\/6\/\"  target=\"_self\">6<\/a><\/h5><\/div><\/div><span class='feature_holder'><span class=\"feature_holder_icons\"><a itemprop='image' class='lightbox qbutton small white' title='6' href='https:\/\/www.edusa.com.br\/wp-content\/uploads\/12063112603.png' data-rel='prettyPhoto[pretty_photo_gallery]'>zoom<\/a><span class='portfolio_like qbutton small white'><a  href=\"#\" class=\"qode-like\" id=\"qode-like-345\" title=\"Like this\">17<span>  Likes<\/span><\/a><\/span><\/span><\/span><\/span><\/span><\/span><\/div><\/article><article class='portfolio_masonry_item portfolio_category_56  default'><div class='image_holder'><a itemprop='url' class='portfolio_link_for_touch' href='https:\/\/www.edusa.com.br\/index.php\/portfolio_page\/7\/' target='_self'><span class='image'><img width=\"367\" height=\"314\" src=\"https:\/\/www.edusa.com.br\/wp-content\/uploads\/12061612603.png\" class=\"attachment-portfolio_masonry_regular size-portfolio_masonry_regular wp-post-image\" alt=\"\" loading=\"lazy\" srcset=\"https:\/\/www.edusa.com.br\/wp-content\/uploads\/12061612603.png 367w, https:\/\/www.edusa.com.br\/wp-content\/uploads\/12061612603-300x257.png 300w\" sizes=\"(max-width: 367px) 100vw, 367px\" \/><\/span><\/a><span class='text_holder'><span class='text_outer'><span class='text_inner'><div class=\"hover_feature_holder_title\"><div class=\"hover_feature_holder_title_inner\"><h5 itemprop=\"name\" class=\"portfolio_title entry_title\"><a itemprop=\"url\" href=\"https:\/\/www.edusa.com.br\/index.php\/portfolio_page\/7\/\"  target=\"_self\">7<\/a><\/h5><\/div><\/div><span class='feature_holder'><span class=\"feature_holder_icons\"><a itemprop='image' class='lightbox qbutton small white' title='7' href='https:\/\/www.edusa.com.br\/wp-content\/uploads\/12061612603.png' data-rel='prettyPhoto[pretty_photo_gallery]'>zoom<\/a><span class='portfolio_like qbutton small white'><a  href=\"#\" class=\"qode-like\" id=\"qode-like-346\" title=\"Like this\">19<span>  Likes<\/span><\/a><\/span><\/span><\/span><\/span><\/span><\/span><\/div><\/article><\/div><\/div>[\/vc_column][\/vc_row][vc_row row_type=&#8221;parallax&#8221; parallax_content_width=&#8221;in_grid&#8221; text_align=&#8221;left&#8221; background_image=&#8221;288&#8243; full_screen_section_height=&#8221;no&#8221; section_height=&#8221;439&#8243;][vc_column][vc_separator type=&#8221;transparent&#8221; thickness=&#8221;0&#8243; up=&#8221;128&#8243; down=&#8221;0&#8243;][vc_row_inner row_type=&#8221;row&#8221; type=&#8221;full_width&#8221; anchor=&#8221;contato&#8221; text_align=&#8221;left&#8221; css_animation=&#8221;&#8221;][vc_column_inner width=&#8221;1\/4&#8243; offset=&#8221;vc_col-lg-3 vc_col-md-3 vc_col-xs-12&#8243;]<div class=\"q_counter_holder  left\" style=\"\"><span class=\"counter  zero\" style=\"\">47<\/span><p class=\"counter_text\" style=\"\">Anos de empresa<\/p><\/div>[\/vc_column_inner][vc_column_inner width=&#8221;1\/4&#8243; offset=&#8221;vc_col-lg-3 vc_col-md-3 vc_col-xs-12&#8243;]<div class=\"q_counter_holder  left\" style=\"\"><span class=\"counter  zero\" style=\"\">88<\/span><p class=\"counter_text\" style=\"\">Pr\u00e9dios Constru\u00eddos<\/p><\/div>[\/vc_column_inner][vc_column_inner width=&#8221;1\/4&#8243; offset=&#8221;vc_col-lg-3 vc_col-md-3 vc_col-xs-12&#8243;]<div class=\"q_counter_holder  left\" style=\"\"><span class=\"counter  zero\" style=\"\">3634<\/span><p class=\"counter_text\" style=\"\">Apartamentos<\/p><\/div>[\/vc_column_inner][vc_column_inner width=&#8221;1\/4&#8243; offset=&#8221;vc_col-lg-3 vc_col-md-3 vc_col-xs-12&#8243;]<div class=\"q_counter_holder  left\" style=\"\"><span class=\"counter  zero\" style=\"\">340312<\/span><p class=\"counter_text\" style=\"\">m\u00b2 constru\u00eddos<\/p><\/div>[\/vc_column_inner][\/vc_row_inner][vc_separator type=&#8221;transparent&#8221; thickness=&#8221;0&#8243; up=&#8221;100&#8243; down=&#8221;0&#8243;][\/vc_column][\/vc_row]<\/p>\n","protected":false},"excerpt":{"rendered":"<p>[vc_row css_animation=&#8221;&#8221; row_type=&#8221;row&#8221; use_row_as_full_screen_section=&#8221;no&#8221; type=&#8221;grid&#8221; anchor=&#8221;edusa&#8221; angled_section=&#8221;no&#8221; text_align=&#8221;left&#8221; background_image_as_pattern=&#8221;without_pattern&#8221; css=&#8221;.vc_custom_1524165848369{padding-top: 148px !important;padding-bottom: 94px !important;}&#8221;][vc_column width=&#8221;1\/3&#8243; offset=&#8221;vc_col-lg-4 vc_col-md-4&#8243;][vc_separator type=&#8221;transparent&#8221; thickness=&#8221;0&#8243; up=&#8221;27&#8243; down=&#8221;0&#8243;][\/vc_column][vc_column width=&#8221;1\/3&#8243; offset=&#8221;vc_col-lg-4 vc_col-md-4&#8243;][vc_separator type=&#8221;transparent&#8221; thickness=&#8221;0&#8243; up=&#8221;27&#8243; down=&#8221;0&#8243;][\/vc_column][vc_column width=&#8221;1\/3&#8243; offset=&#8221;vc_col-lg-4 vc_col-md-4&#8243;][vc_separator type=&#8221;transparent&#8221; thickness=&#8221;0&#8243; up=&#8221;27&#8243; down=&#8221;0&#8243;][\/vc_column][\/vc_row][vc_row css_animation=&#8221;&#8221; row_type=&#8221;row&#8221; use_row_as_full_screen_section=&#8221;no&#8221; type=&#8221;grid&#8221; angled_section=&#8221;no&#8221; text_align=&#8221;center&#8221; background_image_as_pattern=&#8221;without_pattern&#8221; background_color=&#8221;#f7f7f7&#8243; css=&#8221;.vc_custom_1456138762113{padding-top: 126px&#8230;<\/p>\n","protected":false},"author":1,"featured_media":0,"parent":0,"menu_order":0,"comment_status":"closed","ping_status":"closed","template":"full_width.php","meta":[],"_links":{"self":[{"href":"https:\/\/www.edusa.com.br\/index.php\/wp-json\/wp\/v2\/pages\/11"}],"collection":[{"href":"https:\/\/www.edusa.com.br\/index.php\/wp-json\/wp\/v2\/pages"}],"about":[{"href":"https:\/\/www.edusa.com.br\/index.php\/wp-json\/wp\/v2\/types\/page"}],"author":[{"embeddable":true,"href":"https:\/\/www.edusa.com.br\/index.php\/wp-json\/wp\/v2\/users\/1"}],"replies":[{"embeddable":true,"href":"https:\/\/www.edusa.com.br\/index.php\/wp-json\/wp\/v2\/comments?post=11"}],"version-history":[{"count":47,"href":"https:\/\/www.edusa.com.br\/index.php\/wp-json\/wp\/v2\/pages\/11\/revisions"}],"predecessor-version":[{"id":382,"href":"https:\/\/www.edusa.com.br\/index.php\/wp-json\/wp\/v2\/pages\/11\/revisions\/382"}],"wp:attachment":[{"href":"https:\/\/www.edusa.com.br\/index.php\/wp-json\/wp\/v2\/media?parent=11"}],"curies":[{"name":"wp","href":"https:\/\/api.w.org\/{rel}","templated":true}]}}